{"id":33,"date":"2026-02-04T21:04:07","date_gmt":"2026-02-04T21:04:07","guid":{"rendered":"https:\/\/smarketinglab.eu\/?page_id=33"},"modified":"2026-03-18T12:42:22","modified_gmt":"2026-03-18T10:42:22","slug":"thank-you-page-general","status":"publish","type":"page","link":"https:\/\/smarketinglab.eu\/en\/thank-you-page-general\/","title":{"rendered":"Thank you page General"},"content":{"rendered":"<h1 class=\"wp-block-heading\"><\/h1>\r\n<h1 class=\"wp-block-heading\">Thank you for your message!<\/h1>\r\n<h1 class=\"wp-block-heading\">\r\n\r\n<\/h1>\r\n<p>We have received your request. <br \/>Our team will get back to you as soon as possible.<br \/>In the meantime, we invite you to follow us on social media for the latest updates and offers.<\/p>","protected":false},"excerpt":{"rendered":"<p>Mul\u021bumim pentru mesaj! Am primit solicitarea ta. Evalu\u0103m cu aten\u021bie poten\u021bialul proiectului \u0219i te contact\u0103m \u00een cel mai scurt timp posibil.\u00centre timp, te invit\u0103m s\u0103 ne urm\u0103re\u0219ti \u0219i pe re\u021belele de socializare pentru ultimele nout\u0103\u021bi.<\/p>","protected":false},"author":1,"featured_media":0,"parent":0,"menu_order":0,"comment_status":"closed","ping_status":"closed","template":"templates\/thank-you-page.php","meta":{"_acf_changed":false,"footnotes":""},"class_list":["post-33","page","type-page","status-publish","format-standard","hentry"],"acf":[],"_links":{"self":[{"href":"https:\/\/smarketinglab.eu\/en\/wp-json\/wp\/v2\/pages\/33","targetHints":{"allow":["GET"]}}],"collection":[{"href":"https:\/\/smarketinglab.eu\/en\/wp-json\/wp\/v2\/pages"}],"about":[{"href":"https:\/\/smarketinglab.eu\/en\/wp-json\/wp\/v2\/types\/page"}],"author":[{"embeddable":true,"href":"https:\/\/smarketinglab.eu\/en\/wp-json\/wp\/v2\/users\/1"}],"replies":[{"embeddable":true,"href":"https:\/\/smarketinglab.eu\/en\/wp-json\/wp\/v2\/comments?post=33"}],"version-history":[{"count":7,"href":"https:\/\/smarketinglab.eu\/en\/wp-json\/wp\/v2\/pages\/33\/revisions"}],"predecessor-version":[{"id":1486,"href":"https:\/\/smarketinglab.eu\/en\/wp-json\/wp\/v2\/pages\/33\/revisions\/1486"}],"wp:attachment":[{"href":"https:\/\/smarketinglab.eu\/en\/wp-json\/wp\/v2\/media?parent=33"}],"curies":[{"name":"wp","href":"https:\/\/api.w.org\/{rel}","templated":true}]}}