{"id":1538,"date":"2026-04-08T09:24:57","date_gmt":"2026-04-08T07:24:57","guid":{"rendered":"https:\/\/smarketinglab.eu\/?page_id=1538"},"modified":"2026-04-09T12:57:12","modified_gmt":"2026-04-09T10:57:12","slug":"contact-test","status":"publish","type":"page","link":"https:\/\/smarketinglab.eu\/es\/contact-test\/","title":{"rendered":"Contact Test"},"content":{"rendered":"<div class=\"contact__form question_form\">\n\n<div class=\"wpcf7 no-js\" id=\"wpcf7-f1536-o1\" lang=\"en-US\" dir=\"ltr\" data-wpcf7-id=\"1536\">\n<div class=\"screen-reader-response\"><p role=\"status\" aria-live=\"polite\" aria-atomic=\"true\"><\/p> <ul><\/ul><\/div>\n<form action=\"\/es\/wp-json\/wp\/v2\/pages\/1538#wpcf7-f1536-o1\" method=\"post\" class=\"wpcf7-form init\" aria-label=\"Contact form\" novalidate=\"novalidate\" data-status=\"init\">\n<fieldset class=\"hidden-fields-container\"><input type=\"hidden\" name=\"_wpcf7\" value=\"1536\" \/><input type=\"hidden\" name=\"_wpcf7_version\" value=\"6.1.5\" \/><input type=\"hidden\" name=\"_wpcf7_locale\" value=\"en_US\" \/><input type=\"hidden\" name=\"_wpcf7_unit_tag\" value=\"wpcf7-f1536-o1\" \/><input type=\"hidden\" name=\"_wpcf7_container_post\" value=\"0\" \/><input type=\"hidden\" name=\"_wpcf7_posted_data_hash\" value=\"\" \/><input type=\"hidden\" name=\"_wpcf7cf_hidden_group_fields\" value=\"[]\" \/><input type=\"hidden\" name=\"_wpcf7cf_hidden_groups\" value=\"[]\" \/><input type=\"hidden\" name=\"_wpcf7cf_visible_groups\" value=\"[]\" \/><input type=\"hidden\" name=\"_wpcf7cf_repeaters\" value=\"[]\" \/><input type=\"hidden\" name=\"_wpcf7cf_steps\" value=\"{}\" \/><input type=\"hidden\" name=\"_wpcf7cf_options\" value=\"{&quot;form_id&quot;:1536,&quot;conditions&quot;:[{&quot;then_field&quot;:&quot;step-1&quot;,&quot;and_rules&quot;:[{&quot;if_field&quot;:&quot;step-logic&quot;,&quot;operator&quot;:&quot;equals&quot;,&quot;if_value&quot;:&quot;1&quot;}]},{&quot;then_field&quot;:&quot;step-2&quot;,&quot;and_rules&quot;:[{&quot;if_field&quot;:&quot;step-logic&quot;,&quot;operator&quot;:&quot;equals&quot;,&quot;if_value&quot;:&quot;2&quot;}]},{&quot;then_field&quot;:&quot;step-3&quot;,&quot;and_rules&quot;:[{&quot;if_field&quot;:&quot;step-logic&quot;,&quot;operator&quot;:&quot;equals&quot;,&quot;if_value&quot;:&quot;3&quot;}]},{&quot;then_field&quot;:&quot;step-4&quot;,&quot;and_rules&quot;:[{&quot;if_field&quot;:&quot;step-logic&quot;,&quot;operator&quot;:&quot;equals&quot;,&quot;if_value&quot;:&quot;4&quot;}]}],&quot;settings&quot;:{&quot;animation&quot;:&quot;yes&quot;,&quot;animation_intime&quot;:200,&quot;animation_outtime&quot;:200,&quot;conditions_ui&quot;:&quot;normal&quot;,&quot;notice_dismissed&quot;:false}}\" \/>\n<\/fieldset>\n<div class=\"row\">\n\t<div class=\"col__input col-md-6 col-12 field_name\">\n\t\t<p><span class=\"wpcf7-form-control-wrap\" data-name=\"text-821\"><input size=\"40\" maxlength=\"400\" class=\"wpcf7-form-control wpcf7-text wpcf7-validates-as-required\" aria-required=\"true\" aria-invalid=\"false\" placeholder=\"Nume \u0219i Prenume*\" value=\"\" type=\"text\" name=\"text-821\" \/><\/span>\n\t\t<\/p>\n\t<\/div>\n\t<div class=\"col__input col-md-6 col-12 field_phone\">\n\t\t<p><span class=\"wpcf7-form-control-wrap\" data-name=\"tel-556\"><input size=\"40\" maxlength=\"400\" class=\"wpcf7-form-control wpcf7-tel wpcf7-validates-as-required wpcf7-text wpcf7-validates-as-tel\" aria-required=\"true\" aria-invalid=\"false\" placeholder=\"Telefon*\" value=\"\" type=\"tel\" name=\"tel-556\" \/><\/span>\n\t\t<\/p>\n\t<\/div>\n\t<div class=\"col__input col-md-4 col-12 field_company\">\n\t\t<p><span class=\"wpcf7-form-control-wrap\" data-name=\"text-514\"><input size=\"40\" maxlength=\"400\" class=\"wpcf7-form-control wpcf7-text wpcf7-validates-as-required\" aria-required=\"true\" aria-invalid=\"false\" placeholder=\"Denumirea companiei*\" value=\"\" type=\"text\" name=\"text-514\" \/><\/span>\n\t\t<\/p>\n\t<\/div>\n\t<div class=\"col__input col-md-4 col-12 field_cui\">\n\t\t<p><span class=\"wpcf7-form-control-wrap\" data-name=\"text-891\"><input size=\"40\" maxlength=\"400\" class=\"wpcf7-form-control wpcf7-text wpcf7-validates-as-required\" aria-required=\"true\" aria-invalid=\"false\" placeholder=\"CUI*\" value=\"\" type=\"text\" name=\"text-891\" \/><\/span>\n\t\t<\/p>\n\t<\/div>\n\t<div class=\"col__input col-md-4 col-12 field_email\">\n\t\t<p><span class=\"wpcf7-form-control-wrap\" data-name=\"email-695\"><input size=\"40\" maxlength=\"400\" class=\"wpcf7-form-control wpcf7-email wpcf7-validates-as-required wpcf7-text wpcf7-validates-as-email\" aria-required=\"true\" aria-invalid=\"false\" placeholder=\"E-mail*\" value=\"\" type=\"email\" name=\"email-695\" \/><\/span>\n\t\t<\/p>\n\t<\/div>\n<\/div>\n<div class=\"progress-wrapper\" id=\"progress-container\">\n\t<p><small id=\"progress-text\">\u00centrebarea 1 din 4<\/small>\n\t<\/p>\n\t<div class=\"progress-bar-bg\">\n\t\t<div id=\"form-progress\" class=\"progress-bar-fill\" style=\"width: 25%;\">\n\t\t<\/div>\n\t<\/div>\n<\/div>\n<div class=\"extra_q\">\n\t<div data-id=\"step-1\" data-orig_data_id=\"step-1\"  class=\"\" data-class=\"wpcf7cf_group\">\n\t\t<div class=\"col__input col-md-12 col-12 questions\">\n\t\t\t<h6>1. Care este obiectivul pe care dori\u021bi s\u0103-l atinge\u021bi lunar?\n\t\t\t<\/h6>\n\t\t\t<p><span class=\"wpcf7-form-control-wrap\" data-name=\"radio-q1\"><span class=\"wpcf7-form-control wpcf7-radio\"><span class=\"wpcf7-list-item first\"><label><input type=\"radio\" name=\"radio-q1\" value=\"200.000 euro\" \/><span class=\"wpcf7-list-item-label\">200.000 euro<\/span><\/label><\/span><span class=\"wpcf7-list-item\"><label><input type=\"radio\" name=\"radio-q1\" value=\"500.000 euro\" \/><span class=\"wpcf7-list-item-label\">500.000 euro<\/span><\/label><\/span><span class=\"wpcf7-list-item\"><label><input type=\"radio\" name=\"radio-q1\" value=\"1.000.000 euro\" \/><span class=\"wpcf7-list-item-label\">1.000.000 euro<\/span><\/label><\/span><span class=\"wpcf7-list-item last\"><label><input type=\"radio\" name=\"radio-q1\" value=\"peste 2.000.000 euro\" \/><span class=\"wpcf7-list-item-label\">peste 2.000.000 euro<\/span><\/label><\/span><\/span><\/span><br \/>\n<button type=\"button\" class=\"next-btn\" onclick=\"goToStep(2)\">Pasul urm\u0103tor<\/button>\n\t\t\t<\/p>\n\t\t<\/div>\n\t<\/div>\n\t<div data-id=\"step-2\" data-orig_data_id=\"step-2\"  class=\"\" data-class=\"wpcf7cf_group\">\n\t\t<div class=\"col__input col-md-12 col-12 questions\">\n\t\t\t<h6>2. Ave\u021bi o echip\u0103 sau un departament de v\u00e2nz\u0103ri?\n\t\t\t<\/h6>\n\t\t\t<p><span class=\"wpcf7-form-control-wrap\" data-name=\"radio-q2\"><span class=\"wpcf7-form-control wpcf7-radio\"><span class=\"wpcf7-list-item first\"><label><input type=\"radio\" name=\"radio-q2\" value=\"Da\" \/><span class=\"wpcf7-list-item-label\">Da<\/span><\/label><\/span><span class=\"wpcf7-list-item last\"><label><input type=\"radio\" name=\"radio-q2\" value=\"Nu\" \/><span class=\"wpcf7-list-item-label\">Nu<\/span><\/label><\/span><\/span><\/span><br \/>\n<button type=\"button\" class=\"next-btn\" onclick=\"goToStep(3)\">Pasul urm\u0103tor<\/button>\n\t\t\t<\/p>\n\t\t<\/div>\n\t<\/div>\n\t<div data-id=\"step-3\" data-orig_data_id=\"step-3\"  class=\"\" data-class=\"wpcf7cf_group\">\n\t\t<div class=\"col__input col-md-12 col-12 questions\">\n\t\t\t<h6>3. Selecta\u021bi un singur obiectiv prioritar:\n\t\t\t<\/h6>\n\t\t\t<p><span class=\"wpcf7-form-control-wrap\" data-name=\"radio-q3\"><span class=\"wpcf7-form-control wpcf7-radio\"><span class=\"wpcf7-list-item first\"><label><input type=\"radio\" name=\"radio-q3\" value=\"generarea masiv\u0103 de clien\u021bi noi\" \/><span class=\"wpcf7-list-item-label\">generarea masiv\u0103 de clien\u021bi noi<\/span><\/label><\/span><span class=\"wpcf7-list-item\"><label><input type=\"radio\" name=\"radio-q3\" value=\"cre\u0219terea cifrei de afaceri\" \/><span class=\"wpcf7-list-item-label\">cre\u0219terea cifrei de afaceri<\/span><\/label><\/span><span class=\"wpcf7-list-item\"><label><input type=\"radio\" name=\"radio-q3\" value=\"cre\u0219tere profit\" \/><span class=\"wpcf7-list-item-label\">cre\u0219tere profit<\/span><\/label><\/span><span class=\"wpcf7-list-item last\"><label><input type=\"radio\" name=\"radio-q3\" value=\"branding\" \/><span class=\"wpcf7-list-item-label\">branding<\/span><\/label><\/span><\/span><\/span><br \/>\n<button type=\"button\" class=\"next-btn\" onclick=\"goToStep(4)\">Pasul urm\u0103tor<\/button>\n\t\t\t<\/p>\n\t\t<\/div>\n\t<\/div>\n\t<div data-id=\"step-4\" data-orig_data_id=\"step-4\"  class=\"\" data-class=\"wpcf7cf_group\">\n\t\t<div class=\"col__input col-md-12 col-12 questions\">\n\t\t\t<h6>4. Care sunt serviciile cu cea mai mare marj\u0103 de profit din afacerea dvs.?\n\t\t\t<\/h6>\n\t\t\t<p><span class=\"wpcf7-form-control-wrap\" data-name=\"textarea-371\"><textarea cols=\"40\" rows=\"10\" maxlength=\"2000\" class=\"wpcf7-form-control wpcf7-textarea\" aria-invalid=\"false\" placeholder=\"De exemplu: dantur\u0103 fix\u0103, ortodon\u021bie\" name=\"textarea-371\"><\/textarea><\/span>\n\t\t\t<\/p>\n\t\t\t<div class=\"col__btn col-12\" style=\"margin-top:20px;\">\n\t\t\t\t<p class=\"accept\"><span class=\"wpcf7-form-control-wrap\" data-name=\"terms\"><span class=\"wpcf7-form-control wpcf7-checkbox wpcf7-validates-as-required\"><span class=\"wpcf7-list-item first last\"><label><input type=\"checkbox\" name=\"terms[]\" value=\"Sunt de acord cu termenii \u0219i condi\u021biile website-ului\" \/><span class=\"wpcf7-list-item-label\">Sunt de acord cu termenii \u0219i condi\u021biile website-ului<\/span><\/label><\/span><\/span><\/span>\n\t\t\t\t<\/p>\n\t\t\t\t<p class=\"btn__row submit_form\"><input class=\"wpcf7-form-control wpcf7-submit has-spinner\" type=\"submit\" value=\"Trimite Cererea\" \/>\n\t\t\t\t<\/p>\n\t\t\t<\/div>\n\t\t<\/div>\n\t<\/div>\n<\/div>\n<input class=\"wpcf7-form-control wpcf7-hidden\" id=\"step-logic\" value=\"1\" type=\"hidden\" name=\"step-logic\" \/><div class=\"wpcf7-response-output\" aria-hidden=\"true\"><\/div>\n<\/form>\n<\/div>\n\n<\/div>\n","protected":false},"excerpt":{"rendered":"","protected":false},"author":1,"featured_media":0,"parent":0,"menu_order":0,"comment_status":"closed","ping_status":"closed","template":"","meta":{"_acf_changed":false,"footnotes":""},"class_list":["post-1538","page","type-page","status-publish","format-standard","hentry"],"acf":[],"_links":{"self":[{"href":"https:\/\/smarketinglab.eu\/es\/wp-json\/wp\/v2\/pages\/1538","targetHints":{"allow":["GET"]}}],"collection":[{"href":"https:\/\/smarketinglab.eu\/es\/wp-json\/wp\/v2\/pages"}],"about":[{"href":"https:\/\/smarketinglab.eu\/es\/wp-json\/wp\/v2\/types\/page"}],"author":[{"embeddable":true,"href":"https:\/\/smarketinglab.eu\/es\/wp-json\/wp\/v2\/users\/1"}],"replies":[{"embeddable":true,"href":"https:\/\/smarketinglab.eu\/es\/wp-json\/wp\/v2\/comments?post=1538"}],"version-history":[{"count":3,"href":"https:\/\/smarketinglab.eu\/es\/wp-json\/wp\/v2\/pages\/1538\/revisions"}],"predecessor-version":[{"id":1541,"href":"https:\/\/smarketinglab.eu\/es\/wp-json\/wp\/v2\/pages\/1538\/revisions\/1541"}],"wp:attachment":[{"href":"https:\/\/smarketinglab.eu\/es\/wp-json\/wp\/v2\/media?parent=1538"}],"curies":[{"name":"wp","href":"https:\/\/api.w.org\/{rel}","templated":true}]}}