{"id":1487,"date":"2026-03-18T12:45:35","date_gmt":"2026-03-18T10:45:35","guid":{"rendered":"https:\/\/smarketinglab.eu\/?page_id=1487"},"modified":"2026-03-18T12:47:09","modified_gmt":"2026-03-18T10:47:09","slug":"thank-you-page-cariere","status":"publish","type":"page","link":"https:\/\/smarketinglab.eu\/it\/thank-you-page-cariere\/","title":{"rendered":"Thank you page Cariere"},"content":{"rendered":"<h1 class=\"wp-block-heading\">Grazie per il messaggio!<\/h1>\r\n\r\n\r\n\r\n<p>Am primit solicitarea ta. <br \/>Evalu\u0103m cu aten\u021bie poten\u021bialul colabor\u0103rii \u0219i te contact\u0103m \u00een cel mai scurt timp posibil.<br \/>Nel frattempo, ti invitiamo a seguirci sui social media per conoscere le ultime novit\u00e0 e offerte.<\/p>","protected":false},"excerpt":{"rendered":"<p>Mul\u021bumim pentru mesaj! Am primit solicitarea ta. Evalu\u0103m cu aten\u021bie poten\u021bialul colabor\u0103rii \u0219i te contact\u0103m \u00een cel mai scurt timp posibil.\u00centre timp, te invit\u0103m s\u0103 ne urm\u0103re\u0219ti \u0219i pe re\u021belele de socializare pentru ultimele nout\u0103\u021bi.<\/p>","protected":false},"author":1,"featured_media":0,"parent":0,"menu_order":0,"comment_status":"closed","ping_status":"closed","template":"templates\/thank-you-page.php","meta":{"_acf_changed":false,"footnotes":""},"class_list":["post-1487","page","type-page","status-publish","format-standard","hentry"],"acf":[],"_links":{"self":[{"href":"https:\/\/smarketinglab.eu\/it\/wp-json\/wp\/v2\/pages\/1487","targetHints":{"allow":["GET"]}}],"collection":[{"href":"https:\/\/smarketinglab.eu\/it\/wp-json\/wp\/v2\/pages"}],"about":[{"href":"https:\/\/smarketinglab.eu\/it\/wp-json\/wp\/v2\/types\/page"}],"author":[{"embeddable":true,"href":"https:\/\/smarketinglab.eu\/it\/wp-json\/wp\/v2\/users\/1"}],"replies":[{"embeddable":true,"href":"https:\/\/smarketinglab.eu\/it\/wp-json\/wp\/v2\/comments?post=1487"}],"version-history":[{"count":2,"href":"https:\/\/smarketinglab.eu\/it\/wp-json\/wp\/v2\/pages\/1487\/revisions"}],"predecessor-version":[{"id":1489,"href":"https:\/\/smarketinglab.eu\/it\/wp-json\/wp\/v2\/pages\/1487\/revisions\/1489"}],"wp:attachment":[{"href":"https:\/\/smarketinglab.eu\/it\/wp-json\/wp\/v2\/media?parent=1487"}],"curies":[{"name":"wp","href":"https:\/\/api.w.org\/{rel}","templated":true}]}}