{"id":20,"date":"2026-02-04T21:03:03","date_gmt":"2026-02-04T21:03:03","guid":{"rendered":"https:\/\/smarketinglab.eu\/?page_id=20"},"modified":"2026-04-16T12:54:18","modified_gmt":"2026-04-16T10:54:18","slug":"politica-privind-cookie-urile","status":"publish","type":"page","link":"https:\/\/smarketinglab.eu\/it\/politica-privind-cookie-urile\/","title":{"rendered":"Politica privind cookie-urile"},"content":{"rendered":"<h3><strong>Ce sunt cookie-urile:<\/strong><\/h3>\r\n<p class=\"translation-block\">Cookie-urile sunt \u0219iruri de text mici pe care site-urile vizitate de utilizator le trimit c\u0103tre terminalul lor (de obicei browserul), unde sunt stocate \u00eenainte de a fi retransmise pe acelea\u0219i site-uri la urm\u0103toarea vizit\u0103 de acela\u0219i utilizator. \u00cen timp ce navigheaz\u0103 pe un site, utilizatorul poate primi pe terminalul s\u0103u cookie-uri care sunt trimise de pe diferite site-uri sau servere web (a\u0219a-numitele \u201eter\u021be p\u0103r\u021bi\u201d), pe care pot locui unele elemente (cum ar fi, de exemplu, imagini, h\u0103r\u021bi) , sunete, linkuri specifice c\u0103tre pagini ale altor domenii) prezente pe site-ul pe care \u00eel viziteaz\u0103.&nbsp;<a href=\"https:\/\/smarketinglab.eu\/it\/\" target=\"_self\">smarketinglab.eu<\/a>&nbsp;utilizeaz\u0103 dou\u0103 macrocategorii de cookie-uri: cookie-uri \u201etehnice\u201d \u0219i cookie-uri \u201ede profilare\u201d.<\/p>\r\n\r\n\r\n\r\n<h3><strong>1 Cookie-uri tehnice:<\/strong><\/h3>\r\n<p>Acestea sunt utilizate pentru a permite transmiterea unei comunic\u0103ri printr-o re\u021bea de comunica\u021bii electronice sau pentru a furniza un serviciu solicitat \u00een mod expres de c\u0103tre utilizator. Nu sunt utilizate \u00een alte scopuri. \u00cen categoria cookie-urilor tehnice, a c\u0103ror utilizare nu necesit\u0103 acordul utilizatorului, se disting urm\u0103toarele:<br \/>a) Cookie-uri de navigare sau de sesiune: garanteaz\u0103 navigarea \u0219i utilizarea normal\u0103 a site-ului web (de exemplu: pentru autentificarea \u0219i accesarea zonelor restric\u021bionate). Utilizarea acestor cookie-uri (care nu sunt stocate permanent pe dispozitivul utilizatorului \u0219i sunt \u0219terse automat c\u00e2nd browserul este \u00eenchis) este strict limitat\u0103 la transmiterea identificatorilor de sesiune (const\u00e2nd din numere aleatorii generate de server) necesare pentru a permite explorarea sigur\u0103 \u0219i eficient\u0103 a sitului.<br \/>b) Cookie-uri de analiz\u0103: sunt utilizate numai pentru a colecta informa\u021bii \u00een form\u0103 agregat\u0103, cu privire la num\u0103rul de utilizatori care viziteaz\u0103 site-ul \u0219i modul \u00een care \u00eel viziteaz\u0103.<br \/>c) Cookie-uri func\u021bionale: permit utilizatorului s\u0103 navigheze pe baza unei serii de criterii selectate (de exemplu: limb\u0103, produse sau servicii achizi\u021bionate) pentru a \u00eembun\u0103t\u0103\u021bi serviciul oferit utilizatorului.<\/p>\r\n\r\n\r\n\r\n<h3><strong>2 Cookie-uri de profilare:<\/strong><\/h3>\r\n<p>Acestea vizeaz\u0103 crearea de profiluri de utilizator \u0219i sunt utilizate pentru a trimite mesaje promo\u021bionale direc\u021bionate \u00een func\u021bie de preferin\u021bele exprimate \u00een timpul navig\u0103rii pe net. Aceste cookie-uri pot fi utilizate \u00een aceste scopuri numai cu acordul utilizatorului.<br \/>Toate cookie-urile, altele dec\u00e2t cookie-urile tehnice, sunt instalate sau activate numai dup\u0103 consim\u021b\u0103m\u00e2ntul dat de utilizator prima dat\u0103 c\u00e2nd acceseaz\u0103 site-ul. Consim\u021b\u0103m\u00e2ntul poate fi exprimat \u00eentr-un mod general, interac\u021bion\u00e2nd cu bannerul de informa\u021bii scurte prezent pe pagina de destina\u021bie a site-ului, conform metodelor indicate \u00een acest banner; sau poate fi furnizat sau refuzat selectiv, conform metodelor indicate mai jos. Acest consim\u021b\u0103m\u00e2nt este urm\u0103rit la vizitele ulterioare. Cu toate acestea, utilizatorul are \u00eentotdeauna op\u021biunea de a revoca integral sau par\u021bial consim\u021b\u0103m\u00e2ntul deja exprimat.<br \/>Mai jos este lista cookie-urilor utilizate pe\u00a0<a href=\"https:\/\/s-marketing.agency\/marketingonline\" target=\"_blank\" rel=\"noreferrer noopener\">smarketinglab.eu<\/a>, tipul \u0219i scopul acestora. \u00cen plus, acolo unde este necesar, link-uri c\u0103tre pagini web de la care, la discre\u021bia utilizatorului, este posibil\u0103 dezactivarea selectiv\u0103 a fiec\u0103rui cookie specific:<\/p>\r\n\r\n\r\n\r\n<h3><strong>PLUGIN DE RE\u021aEA SOCIAL\u0102<\/strong><\/h3>\r\n<p>Acest site \u00eencorporeaz\u0103, de asemenea, pluginuri \u0219i \/ sau butoane pentru re\u021belele sociale, pentru a permite partajarea u\u0219oar\u0103 a con\u021binutului pe re\u021belele dvs. sociale preferate. Aceste pluginuri sunt programate astfel \u00eenc\u00e2t s\u0103 nu seteze cookie-uri la accesarea paginii, pentru a proteja confiden\u021bialitatea utilizatorului. Eventual, cookie-urile sunt setate, dac\u0103 acest lucru este furnizat de re\u021belele sociale, numai atunci c\u00e2nd utilizatorul folose\u0219te \u00een mod eficient \u0219i voluntar pluginul. V\u0103 rug\u0103m s\u0103 re\u021bine\u021bi c\u0103, dac\u0103 utilizatorul navigheaz\u0103 \u00een timp ce este conectat la re\u021beaua social\u0103, atunci a consim\u021bit deja la utilizarea cookie-urilor transmise prin intermediul acestui site la \u00eenregistrarea la re\u021beaua social\u0103.<br \/>Colectarea \u0219i utilizarea informa\u021biilor ob\u021binute prin intermediul pluginului sunt guvernate de politicile de confiden\u021bialitate ale re\u021belelor sociale, la care v\u0103 rug\u0103m s\u0103 consulta\u021bi.<br \/>&#8211; Facebook<br \/>(\u00a0<a href=\"https:\/\/www.facebook.com\/policies\/cookies\/\">https:\/\/www.facebook.com\/policies\/cookies\/<\/a>)<br \/>&#8211; Google+<br \/>(\u00a0<a href=\"https:\/\/policies.google.com\/technologies\/cookies?h..\">https:\/\/policies.google.com\/technologies\/cookies?h&#8230;<\/a>.)<\/p>\r\n\r\n\r\n\r\n<h3><strong>TRANSFERUL DE DATE \u00ceN \u021a\u0102RILE EXTRA UE<\/strong><\/h3>\r\n<p>Acest site poate partaja unele dintre datele colectate cu servicii situate \u00een afara zonei Uniunii Europene. \u00cen special cu Google \u0219i Facebook prin intermediul pluginurilor sociale \u0219i al serviciului Google Analytics.<br \/>Transferul este autorizat pe baza deciziilor specifice ale Uniunii Europene \u0219i ale Garantului pentru protec\u021bia datelor cu caracter personal, \u00een special a deciziei 1250\/2016, pentru care nu este necesar un alt acord. Companiile men\u021bionate mai sus garanteaz\u0103 aderarea la Scutul de confiden\u021bialitate.<\/p>\r\n\r\n\r\n\r\n<h3><strong>MASURI DE SECURITATE<\/strong><\/h3>\r\n<p>Acest site prelucreaz\u0103 datele utilizatorilor \u00eentr-un mod legal \u0219i corect, adopt\u00e2nd m\u0103surile de securitate adecvate pentru a preveni accesul neautorizat, divulgarea, modificarea sau distrugerea neautorizat\u0103 a datelor. Prelucrarea se realizeaz\u0103 utiliz\u00e2nd instrumente informatice \u0219i \/ sau telematice, cu metode organizatorice \u0219i cu logic\u0103 strict legat\u0103 de scopurile indicate. \u00cen special, software-ul de gestionare a site-ului este actualizat constant \u0219i scanat \u00een mod regulat pentru a verifica viru\u0219ii \u0219i codurile periculoase.<br \/>\u00cen plus fa\u021b\u0103 de proprietar, \u00een unele cazuri, categoriile de angaja\u021bi implica\u021bi \u00een organizarea site-ului (administrativi, comerciali, de marketing, juridici, administratori de sistem) sau subiec\u021bi externi (cum ar fi furnizorii de servicii tehnice ter\u021be, mesageri po\u0219tali) pot avea acces la date. furnizor de hosting, companii IT).<\/p>\r\n\r\n\r\n\r\n<h3><strong>DREPTURILE UTILIZATORULUI<\/strong><\/h3>\r\n<p>\u00cen conformitate cu Regulamentul european 679\/2016 (GDPR), Utilizatorul poate, \u00een modul \u0219i \u00een limitele stabilite de legisla\u021bia \u00een vigoare, s\u0103 exercite urm\u0103toarele drepturi:<br \/>&#8211; obiecteaz\u0103 \u00een totalitate sau par\u021bial, din motive legitime, la prelucrarea datelor cu caracter personal care \u00eel privesc \u00een scopul trimiterii de materiale publicitare sau de v\u00e2nzare direct\u0103 sau pentru efectuarea cercet\u0103rilor de pia\u021b\u0103 sau a comunic\u0103rii comerciale;<br \/>&#8211; solicita\u021bi confirmarea existen\u021bei datelor cu caracter personal care \u00eel privesc (dreptul de acces);<br \/>&#8211; cunoa\u0219te-i originea;<br \/>&#8211; primi\u021bi o comunicare inteligibil\u0103;<br \/>&#8211; s\u0103 aib\u0103 informa\u021bii despre logica, metodele \u0219i scopurile proces\u0103rii;<br \/>&#8211; solicita\u021bi actualizarea, rectificarea, integrarea, anularea, transformarea \u00een form\u0103 anonim\u0103, blocarea datelor prelucrate cu \u00eenc\u0103lcarea legii, inclusiv a celor care nu mai sunt necesare pentru urm\u0103rirea scopurilor pentru care au fost colectate;<br \/>&#8211; \u00een cazurile de prelucrare bazat\u0103 pe consim\u021b\u0103m\u00e2nt, primi\u021bi doar costul oric\u0103rui suport, datele sale furnizate proprietarului, \u00eentr-o form\u0103 structurat\u0103 \u0219i lizibil\u0103 de c\u0103tre un procesator de date \u0219i \u00eentr-un format utilizat \u00een mod obi\u0219nuit de un dispozitiv electronic;<br \/>&#8211; dreptul de a depune o reclama\u021bie la Autoritatea de Supraveghere ;<br \/>&#8211; precum \u0219i, mai general, s\u0103 exercite toate drepturile care sunt recunoscute de dispozi\u021biile actuale ale legii.<br \/>\u00cen cazul \u00een care datele sunt prelucrate pe baza unor interese legitime, drepturile persoanelor vizate sunt garantate, \u00een special dreptul de a obiecta la prelucrarea care poate fi exercitat\u0103 prin trimiterea unei cereri c\u0103tre operatorul de date.<\/p>\r\n<h3><strong>DE\u021aIN\u0102TORUL TRATAMENTULUI \u0218I MANAGERUL INTERN AL TRATAMENTULUI<\/strong><\/h3>\r\n<p>Administratorul site-ului \u0219i operatorul de date \u00een conformitate cu legile \u00een vigoare este:<br \/>S.C. <span class=\"color__yellow\">SMARKETING LAB<\/span> TEAM S.R.L., email &#8211; info@smarketinglab.eu, telefon +40 736 915 520.<\/p>\r\n\r\n\r\n\r\n<h3><strong>RESPONSABIL EXTERN PENTRU PRELUCRAREA DATELOR<\/strong><\/h3>\r\n<p class=\"translation-block\">S.C. <span class=\"color__yellow\">SMARKETING LAB<\/span> TEAM S.R.L. a desemnat urm\u0103torii procesatori de date externe ca g\u0103zduire web:<br>Tilda este numit procesor de date, prelucr\u00e2nd datele \u00een numele proprietarului.<br>Google este desemnat procesor de date, proces\u00e2nd datele \u00een numele proprietarului (Google Analytics).<\/p>\r\n\r\n\r\n\r\n<p>&nbsp;<\/p>","protected":false},"excerpt":{"rendered":"<p>Ce sunt cookie-urile: Cookie-urile sunt \u0219iruri de text mici pe care site-urile vizitate de utilizator le trimit c\u0103tre terminalul lor (de obicei browserul), unde sunt stocate \u00eenainte de a fi retransmise pe acelea\u0219i site-uri la urm\u0103toarea vizit\u0103 de acela\u0219i utilizator. \u00cen timp ce navigheaz\u0103 pe un site, utilizatorul poate primi pe terminalul s\u0103u cookie-uri care [&hellip;]<\/p>\n","protected":false},"author":1,"featured_media":0,"parent":0,"menu_order":0,"comment_status":"closed","ping_status":"closed","template":"","meta":{"_acf_changed":false,"footnotes":""},"class_list":["post-20","page","type-page","status-publish","format-standard","hentry"],"acf":[],"_links":{"self":[{"href":"https:\/\/smarketinglab.eu\/it\/wp-json\/wp\/v2\/pages\/20","targetHints":{"allow":["GET"]}}],"collection":[{"href":"https:\/\/smarketinglab.eu\/it\/wp-json\/wp\/v2\/pages"}],"about":[{"href":"https:\/\/smarketinglab.eu\/it\/wp-json\/wp\/v2\/types\/page"}],"author":[{"embeddable":true,"href":"https:\/\/smarketinglab.eu\/it\/wp-json\/wp\/v2\/users\/1"}],"replies":[{"embeddable":true,"href":"https:\/\/smarketinglab.eu\/it\/wp-json\/wp\/v2\/comments?post=20"}],"version-history":[{"count":4,"href":"https:\/\/smarketinglab.eu\/it\/wp-json\/wp\/v2\/pages\/20\/revisions"}],"predecessor-version":[{"id":1555,"href":"https:\/\/smarketinglab.eu\/it\/wp-json\/wp\/v2\/pages\/20\/revisions\/1555"}],"wp:attachment":[{"href":"https:\/\/smarketinglab.eu\/it\/wp-json\/wp\/v2\/media?parent=20"}],"curies":[{"name":"wp","href":"https:\/\/api.w.org\/{rel}","templated":true}]}}