{"id":23,"date":"2026-02-04T21:03:28","date_gmt":"2026-02-04T21:03:28","guid":{"rendered":"https:\/\/smarketinglab.eu\/?page_id=23"},"modified":"2026-04-01T14:52:27","modified_gmt":"2026-04-01T12:52:27","slug":"smarketing-lab","status":"publish","type":"page","link":"https:\/\/smarketinglab.eu\/it\/","title":{"rendered":"SMarketing Lab"},"content":{"rendered":"<p><a href=\"https:\/\/smarketinglab.eu\/it\/\">SMarketing Lab<\/a> \u2013 agen\u021bie de marketing \u0219i v\u00e2nz\u0103ri, partener \u00een dezvoltarea afacerii tale. Strategie, digital marketing, lead generation \u0219i cre\u0219terea v\u00e2nz\u0103rilor.<\/p>\r\n\r\n\r\n\r\n<figure class=\"wp-block-image size-large\"><img decoding=\"async\" class=\"wp-image-2939\" src=\"https:\/\/smarketinglab.eu\/wp-content\/uploads\/2025\/09\/Colaj-echipa-1024x683.jpeg\" alt=\"\" \/>\r\n<figcaption class=\"wp-element-caption\">SMarketing Lab<\/figcaption>\r\n<\/figure>","protected":false},"excerpt":{"rendered":"<p>SMarketing Lab \u2013 agen\u021bie de marketing \u0219i v\u00e2nz\u0103ri, partener \u00een dezvoltarea afacerii tale. Strategie, digital marketing, lead generation \u0219i cre\u0219terea v\u00e2nz\u0103rilor.<\/p>","protected":false},"author":1,"featured_media":0,"parent":0,"menu_order":0,"comment_status":"closed","ping_status":"closed","template":"templates\/home-page.php","meta":{"_acf_changed":false,"footnotes":""},"class_list":["post-23","page","type-page","status-publish","format-standard","hentry"],"acf":[],"_links":{"self":[{"href":"https:\/\/smarketinglab.eu\/it\/wp-json\/wp\/v2\/pages\/23","targetHints":{"allow":["GET"]}}],"collection":[{"href":"https:\/\/smarketinglab.eu\/it\/wp-json\/wp\/v2\/pages"}],"about":[{"href":"https:\/\/smarketinglab.eu\/it\/wp-json\/wp\/v2\/types\/page"}],"author":[{"embeddable":true,"href":"https:\/\/smarketinglab.eu\/it\/wp-json\/wp\/v2\/users\/1"}],"replies":[{"embeddable":true,"href":"https:\/\/smarketinglab.eu\/it\/wp-json\/wp\/v2\/comments?post=23"}],"version-history":[{"count":39,"href":"https:\/\/smarketinglab.eu\/it\/wp-json\/wp\/v2\/pages\/23\/revisions"}],"predecessor-version":[{"id":1532,"href":"https:\/\/smarketinglab.eu\/it\/wp-json\/wp\/v2\/pages\/23\/revisions\/1532"}],"wp:attachment":[{"href":"https:\/\/smarketinglab.eu\/it\/wp-json\/wp\/v2\/media?parent=23"}],"curies":[{"name":"wp","href":"https:\/\/api.w.org\/{rel}","templated":true}]}}